{"id":8108,"date":"2021-12-08T22:38:24","date_gmt":"2021-12-08T21:38:24","guid":{"rendered":"https:\/\/furedyacht.hu\/en-services\/jegvitorlazas-balaton\/"},"modified":"2022-06-09T15:01:51","modified_gmt":"2022-06-09T13:01:51","slug":"ice-sailing","status":"publish","type":"page","link":"https:\/\/furedyacht.hu\/en\/services\/ice-sailing\/","title":{"rendered":"Ice sailing"},"content":{"rendered":"\n<div class=\"row\"  id=\"row-655037973\">\n\n\n\t<div id=\"col-2115762699\" class=\"col small-12 large-12\"  >\n\t\t\t\t<div class=\"col-inner\"  >\n\t\t\t\n\t\t\t\n\n\n  <div class=\"banner has-hover bg-zoom\" id=\"banner-1789033452\">\n          <div class=\"banner-inner fill\">\n        <div class=\"banner-bg fill\" >\n            <div class=\"bg fill bg-fill \"><\/div>\n                        <div class=\"overlay\"><\/div>            \n                    <\/div>\n\t\t\n        <div class=\"banner-layers container\">\n            <a class=\"fill\" href=\"#jelentkezes\" ><div class=\"fill banner-link\"><\/div><\/a>            \n\n   <div id=\"text-box-792457855\" class=\"text-box banner-layer x10 md-x10 lg-x10 y15 md-y15 lg-y15 res-text\">\n                                <div class=\"text-box-content text dark\">\n              \n              <div class=\"text-inner text-left\">\n                  \n\n<h1 class=\"uppercase wb-hover\"><span style=\"font-size: 150%;\">Ice sailing<\/span><\/h1>\n<p class=\"alt-font\"><span style=\"font-size: 120%;\">Get lifelong experiences on Lake Balaton in winter as well, take advantage of the weather and crack on the ice!<\/span><\/p>\n<a href=\"#jelentkezes\" class=\"button white is-outline\"  >\n    <span>Apply online<\/span>\n  <\/a>\n\n\n\n              <\/div>\n           <\/div>\n                            \n<style>\n#text-box-792457855 {\n  width: 71%;\n}\n#text-box-792457855 .text-box-content {\n  font-size: 100%;\n}\n<\/style>\n    <\/div>\n \n\n        <\/div>\n      <\/div>\n\n            \n<style>\n#banner-1789033452 {\n  padding-top: 500px;\n  background-color: rgb(255, 255, 255);\n}\n#banner-1789033452 .bg.bg-loaded {\n  background-image: url(https:\/\/furedyacht.hu\/wp-content\/uploads\/2022\/05\/1200x628-jegvitorlazas.jpg);\n}\n#banner-1789033452 .overlay {\n  background-color: rgba(54, 151, 194, 0.3);\n}\n#banner-1789033452 .bg {\n  background-position: 57% 52%;\n}\n<\/style>\n  <\/div>\n\n\n\n\t\t<\/div>\n\t\t\t\t\t<\/div>\n\n\t\n\n<\/div>\n<div class=\"row\"  id=\"row-1944356402\">\n\n\n\t<div id=\"col-2026771141\" class=\"col medium-2 small-12 large-2\"  >\n\t\t\t\t<div class=\"col-inner\"  >\n\t\t\t\n\t\t\t\n\n\n\t\t<\/div>\n\t\t\t\t\t<\/div>\n\n\t\n\n\t<div id=\"col-1017361088\" class=\"col medium-8 small-12 large-8\"  >\n\t\t\t\t<div class=\"col-inner\"  >\n\t\t\t\n\t\t\t\n\n\t<div id=\"gap-639974892\" class=\"gap-element clearfix\" style=\"display:block; height:auto;\">\n\t\t\n<style>\n#gap-639974892 {\n  padding-top: 30px;\n}\n<\/style>\n\t<\/div>\n\t\n\n<h2 class=\"uppercase wb-hover\" style=\"text-align: center;\"><span style=\"font-size: 150%;\">SAIL ON LAKE BALATON EVEN IN WINTER!<\/span><\/h2>\n\n\t\t<\/div>\n\t\t\t\t\t<\/div>\n\n\t\n\n\t<div id=\"col-1917985193\" class=\"col medium-2 small-12 large-2\"  >\n\t\t\t\t<div class=\"col-inner\"  >\n\t\t\t\n\t\t\t\n\n\n\t\t<\/div>\n\t\t\t\t\t<\/div>\n\n\t\n\n<\/div>\n<p><div class=\"row\"  id=\"row-243886085\"><\/p>\n<p>\n\t<div id=\"col-728737548\" class=\"col medium-4 small-12 large-4\"  >\n\t\t\t\t<div class=\"col-inner\"  >\n\t\t\t\n\t\t\t<\/p>\n<p><div data-src=\"https:\/\/cdn.trustindex.io\/loader.js?915f0a330878351cd35dc5dde0\"><\/div><\/p>\n<p>\t\t<\/div>\n\t\t\t\t\t<\/div>\n\n\t<br \/>\n\n\t<div id=\"col-1563588815\" class=\"col medium-4 small-12 large-4\"  >\n\t\t\t\t<div class=\"col-inner\"  >\n\t\t\t\n\t\t\t<\/p>\n<p><div data-src=\"https:\/\/cdn.trustindex.io\/loader.js?6a01a6130d97339f7255768962\"><\/div><\/p>\n<p>\t\t<\/div>\n\t\t\t\t\t<\/div>\n\n\t<br \/>\n\n\t<div id=\"col-1654975363\" class=\"col medium-4 small-12 large-4\"  >\n\t\t\t\t<div class=\"col-inner\"  >\n\t\t\t\n\t\t\t<\/p>\n<p><div data-src=\"https:\/\/cdn.trustindex.io\/loader.js?3d2bb8030676340ebb5bb3904a\"><\/div><\/p>\n<p>\t\t<\/div>\n\t\t\t\t\t<\/div>\n\n\t<\/p>\n<p><\/div><\/p>\n\n\n\t<div id=\"gap-331480126\" class=\"gap-element clearfix\" style=\"display:block; height:auto;\">\n\t\t\n<style>\n#gap-331480126 {\n  padding-top: 30px;\n}\n<\/style>\n\t<\/div>\n\t\n\n<div class=\"row row-collapse\"  id=\"row-1128085919\">\n\n\n\t<div id=\"col-708255801\" class=\"col medium-6 large-6\"  >\n\t\t\t\t<div class=\"col-inner\"  >\n\t\t\t\n\t\t\t\n\n\t<div class=\"img has-hover x md-x lg-x y md-y lg-y\" id=\"image_610931919\">\n\t\t\t\t\t\t\t\t<div class=\"img-inner dark\" >\n\t\t\t<img loading=\"lazy\" decoding=\"async\" width=\"1000\" height=\"1000\" src=\"https:\/\/furedyacht.hu\/wp-content\/uploads\/2022\/05\/1000x1000-jegvitorlazas-2.jpg\" class=\"attachment-original size-original\" alt=\"\" srcset=\"https:\/\/furedyacht.hu\/wp-content\/uploads\/2022\/05\/1000x1000-jegvitorlazas-2.jpg 1000w, https:\/\/furedyacht.hu\/wp-content\/uploads\/2022\/05\/1000x1000-jegvitorlazas-2-300x300.jpg 300w, https:\/\/furedyacht.hu\/wp-content\/uploads\/2022\/05\/1000x1000-jegvitorlazas-2-150x150.jpg 150w, https:\/\/furedyacht.hu\/wp-content\/uploads\/2022\/05\/1000x1000-jegvitorlazas-2-768x768.jpg 768w\" sizes=\"auto, (max-width: 1000px) 100vw, 1000px\" \/>\t\t\t\t\t\t\n\t\t\t\t\t<\/div>\n\t\t\t\t\t\t\t\t\n<style>\n#image_610931919 {\n  width: 100%;\n}\n<\/style>\n\t<\/div>\n\t\n\n\n\t\t<\/div>\n\t\t\t\t\n<style>\n#col-708255801 > .col-inner {\n  padding: 0px 0px 30px 0px;\n  margin: 0px 0px 30px 0px;\n  max-width: 100%;\n}\n<\/style>\n\t<\/div>\n\n\t\n\n\t<div id=\"col-1104546608\" class=\"col medium-6 large-6\"  >\n\t\t\t\t<div class=\"col-inner\"  >\n\t\t\t\n\t\t\t\n\n<p>HIf you are nuts about sailing and love adrenalin, ice sailing is a good hobby for you! Who said that by the start of winter it is not possible to sail on Lake Balaton? Enjoy sailing, now a bit differently!<\/p>\n<p>The weather is considered to be suitable for ice sailing if the ice on Lake Balaton reaches at least 10 cm of thickness, and the Water Police of Balaton declares that the ice on Lake Balaton is suitable for doing sports.<\/p>\n<p>Unfortunately, we cannot guarantee the success of the chosen date, however there is the opportunity. Do not hesitate, apply now! Who knows when Lake Balaton will be suitable again for sailing with 70 km\/h on ice.<\/p>\n\n\t\t<div class=\"icon-box featured-box icon-box-left text-left\"  >\n\t\t\t\t\t<div class=\"icon-box-img\" style=\"width: 40px\">\n\t\t\t\t<div class=\"icon\">\n\t\t\t\t\t<div class=\"icon-inner\" style=\"color:rgb(255, 52, 101);\">\n\t\t\t\t\t\t<?xml version=\"1.0\" encoding=\"UTF-8\"?> <svg xmlns=\"http:\/\/www.w3.org\/2000\/svg\" viewBox=\"0 0 200 200\"><defs><style>.cls-1{fill:#ff3465;}.cls-2{fill:none;}<\/style><\/defs><title>icon-play<\/title><g id=\"Layer_2\" data-name=\"Layer 2\"><g id=\"Layer_1-2\" data-name=\"Layer 1\"><path class=\"cls-1\" d=\"M100,200A100,100,0,1,1,200,100h0A100.11,100.11,0,0,1,100,200ZM100,9a91,91,0,1,0,91,91h0A91.09,91.09,0,0,0,100,9Z\"><\/path><path class=\"cls-1\" d=\"M81,137.4a4.51,4.51,0,0,1-4.51-4.5h0V67.11a4.51,4.51,0,0,1,6.76-3.9l57,32.89a4.51,4.51,0,0,1,0,7.81l-57,32.89A4.5,4.5,0,0,1,81,137.4Zm4.51-62.48v50.17L129,100Z\"><\/path><rect class=\"cls-2\" width=\"200\" height=\"200\"><\/rect><\/g><\/g><\/svg> \t\t\t\t\t<\/div>\n\t\t\t\t<\/div>\n\t\t\t<\/div>\n\t\t\t\t<div class=\"icon-box-text last-reset\">\n\t\t\t<h5 class=\"uppercase\">DO YOU WANT TO SAIL ALONE?<\/h5>\t\t\t\t\t\t\n\n<p>If you like speed, choose the DN 1 person ice sailing!<\/p>\n\n\t\t<\/div>\n\t<\/div>\n\t\n\t\n\t<div id=\"gap-618350150\" class=\"gap-element clearfix\" style=\"display:block; height:auto;\">\n\t\t\n<style>\n#gap-618350150 {\n  padding-top: 20px;\n}\n<\/style>\n\t<\/div>\n\t\n\n\n\t\t<div class=\"icon-box featured-box icon-box-left text-left\"  >\n\t\t\t\t\t<div class=\"icon-box-img\" style=\"width: 40px\">\n\t\t\t\t<div class=\"icon\">\n\t\t\t\t\t<div class=\"icon-inner\" style=\"color:rgb(255, 52, 101);\">\n\t\t\t\t\t\t<?xml version=\"1.0\" encoding=\"UTF-8\"?> <svg xmlns=\"http:\/\/www.w3.org\/2000\/svg\" viewBox=\"0 0 200 200\"><defs><style>.cls-1{fill:#ff3465;}.cls-2{fill:none;}<\/style><\/defs><title>icon-play<\/title><g id=\"Layer_2\" data-name=\"Layer 2\"><g id=\"Layer_1-2\" data-name=\"Layer 1\"><path class=\"cls-1\" d=\"M100,200A100,100,0,1,1,200,100h0A100.11,100.11,0,0,1,100,200ZM100,9a91,91,0,1,0,91,91h0A91.09,91.09,0,0,0,100,9Z\"><\/path><path class=\"cls-1\" d=\"M81,137.4a4.51,4.51,0,0,1-4.51-4.5h0V67.11a4.51,4.51,0,0,1,6.76-3.9l57,32.89a4.51,4.51,0,0,1,0,7.81l-57,32.89A4.5,4.5,0,0,1,81,137.4Zm4.51-62.48v50.17L129,100Z\"><\/path><rect class=\"cls-2\" width=\"200\" height=\"200\"><\/rect><\/g><\/g><\/svg> \t\t\t\t\t<\/div>\n\t\t\t\t<\/div>\n\t\t\t<\/div>\n\t\t\t\t<div class=\"icon-box-text last-reset\">\n\t\t\t<h5 class=\"uppercase\">WOULD YOU LIKE TO GO WITH A CAPTAIN?<\/h5>\t\t\t\t\t\t\n\n<p>If you rather only enjoy speed, two persons have place next to our captain on our ice sailing boat of 15 m2, considered as a real specialty!<\/p>\n\n\t\t<\/div>\n\t<\/div>\n\t\n\t\n\t<div id=\"gap-829230159\" class=\"gap-element clearfix\" style=\"display:block; height:auto;\">\n\t\t\n<style>\n#gap-829230159 {\n  padding-top: 15px;\n}\n<\/style>\n\t<\/div>\n\t\n\n\t<div id=\"gap-105456028\" class=\"gap-element clearfix\" style=\"display:block; height:auto;\">\n\t\t\n<style>\n#gap-105456028 {\n  padding-top: 15px;\n}\n<\/style>\n\t<\/div>\n\t\n\n\n\t\t<\/div>\n\t\t\t\t\n<style>\n#col-1104546608 > .col-inner {\n  padding: 0px 30px 30px 30px;\n}\n<\/style>\n\t<\/div>\n\n\t\n\n<\/div>\n\t<div id=\"gap-1664520931\" class=\"gap-element clearfix\" style=\"display:block; height:auto;\">\n\t\t\n<style>\n#gap-1664520931 {\n  padding-top: 60px;\n}\n<\/style>\n\t<\/div>\n\t\n\n<div class=\"row row-collapse\"  id=\"row-1083527166\">\n\n\n\t<div id=\"col-1753323114\" class=\"col small-12 large-12\"  >\n\t\t\t\t<div class=\"col-inner\"  >\n\t\t\t\n\t\t\t\n\n\t<div id=\"text-840776979\" class=\"text\">\n\t\t\n\n<h2 class=\"uppercase wb-hover\" style=\"text-align: center;\"><span style=\"font-size: 150%;\">Book an appointment now!<\/span><\/h2>\n<p class=\"alt-font\" style=\"text-align: center;\"><span style=\"font-size: 120%; color: #fff;\">Book an appointment online using the form below and we will contact you.<\/span><\/p>\n\t\t\n<style>\n#text-840776979 {\n  color: rgb(255, 255, 255);\n}\n#text-840776979 > * {\n  color: rgb(255, 255, 255);\n}\n<\/style>\n\t<\/div>\n\t\n\n\t\t<\/div>\n\t\t\t\t\n<style>\n#col-1753323114 > .col-inner {\n  margin: 0px 0px 0 0px;\n}\n<\/style>\n\t<\/div>\n\n\t\n\n\n<style>\n#row-1083527166 > .col > .col-inner {\n  padding: 30px 30px 15px 30px;\n  background-color: rgb(255, 52, 101);\n}\n<\/style>\n<\/div>\n<span class=\"scroll-to\" data-label=\"Scroll to: #jelentkezes\" data-bullet=\"true\" data-link=\"#jelentkezes\" data-title=\"Jelentkezz most!\" ><a name=\"jelentkezes\"><\/a><\/span>\n\n<div class=\"row row-collapse\"  id=\"row-204093468\">\n\n\n\t<div id=\"col-1648236674\" class=\"col medium-6 small-12 large-6\"  >\n\t\t\t\t<div class=\"col-inner\"  >\n\t\t\t\n\t\t\t\n\n\n  <div class=\"banner has-hover\" id=\"banner-1136804344\">\n          <div class=\"banner-inner fill\">\n        <div class=\"banner-bg fill\" >\n            <div class=\"bg fill bg-fill \"><\/div>\n                        <div class=\"overlay\"><\/div>            \n                    <\/div>\n\t\t\n        <div class=\"banner-layers container\">\n            <div class=\"fill banner-link\"><\/div>            \n\n   <div id=\"text-box-8518887\" class=\"text-box banner-layer x50 md-x50 lg-x50 y50 md-y50 lg-y50 res-text\">\n                     <div data-animate=\"flipInY\">           <div class=\"text-box-content text dark\">\n              \n              <div class=\"text-inner text-center\">\n                  \n\n<h3 class=\"h-large uppercase\"><span style=\"font-size: 250%;\"><strong>Put it on ice!<\/strong><\/span><\/h3>\r\n\t<div id=\"gap-160045750\" class=\"gap-element clearfix\" style=\"display:block; height:auto;\">\n\t\t\n<style>\n#gap-160045750 {\n  padding-top: 20px;\n}\n<\/style>\n\t<\/div>\n\t\r\n\r\n<div data-src=\"https:\/\/cdn.trustindex.io\/loader.js?d660c49306003588375e9bffb4\"><\/div>\r\n<div data-src=\"https:\/\/cdn.trustindex.io\/loader.js?2416ae530597359bec51a0b186\"><\/div>\r\n<div data-src=\"https:\/\/cdn.trustindex.io\/loader.js?7c0a94930134360d8e55561c27\"><\/div>\n\n              <\/div>\n           <\/div>\n       <\/div>                     \n<style>\n#text-box-8518887 {\n  width: 67%;\n}\n#text-box-8518887 .text-box-content {\n  font-size: 100%;\n}\n<\/style>\n    <\/div>\n \n\n        <\/div>\n      <\/div>\n\n            \n<style>\n#banner-1136804344 {\n  padding-top: 898px;\n  background-color: rgb(255, 255, 255);\n}\n#banner-1136804344 .bg.bg-loaded {\n  background-image: url(https:\/\/furedyacht.hu\/wp-content\/uploads\/2022\/05\/1000x1000-jegvitorlazas-1.jpg);\n}\n#banner-1136804344 .overlay {\n  background-color: rgba(54, 151, 194, 0.3);\n}\n<\/style>\n  <\/div>\n\n\n\n\t\t<\/div>\n\t\t\t\t\t<\/div>\n\n\t\n\n\t<div id=\"col-1444782294\" class=\"col medium-6 small-12 large-6\"  >\n\t\t\t\t<div class=\"col-inner\" style=\"background-color:rgb(242, 239, 240);\" >\n\t\t\t\n\t\t\t\n\n<p><\/p>\n\n\t\t<\/div>\n\t\t\t\t\n<style>\n#col-1444782294 > .col-inner {\n  padding: 4px 4px 4px 20px;\n}\n<\/style>\n\t<\/div>\n\n\t\n\n<\/div>\n\t<div id=\"gap-653659011\" class=\"gap-element clearfix\" style=\"display:block; height:auto;\">\n\t\t\n<style>\n#gap-653659011 {\n  padding-top: 60px;\n}\n<\/style>\n\t<\/div>\n\t\n\n\n","protected":false},"excerpt":{"rendered":"<p>Ice sailing gives you the opportunity to enjoy the pleasures of sailing on Lake Balaton even in winter. Would you split the ice of Lake Balaton at 70 km\/h? Apply for an appointment!<\/p>\n","protected":false},"author":1,"featured_media":0,"parent":8032,"menu_order":0,"comment_status":"closed","ping_status":"closed","template":"page-blank.php","meta":{"footnotes":""},"class_list":["post-8108","page","type-page","status-publish","hentry"],"yoast_head":"<!-- This site is optimized with the Yoast SEO plugin v25.8 - https:\/\/yoast.com\/wordpress\/plugins\/seo\/ -->\n<title>Ice sailing | F\u00fcredYacht Charter and Training Center<\/title>\n<meta name=\"description\" content=\"Ice sailing gives you the opportunity to enjoy the pleasures of sailing on Lake Balaton even in winter. Would you split the ice of Lake Balaton at 70 km\/h? Apply for an appointment!\" \/>\n<meta name=\"robots\" content=\"index, follow, max-snippet:-1, max-image-preview:large, max-video-preview:-1\" \/>\n<link rel=\"canonical\" href=\"https:\/\/furedyacht.hu\/en\/services\/ice-sailing\/\" \/>\n<meta property=\"og:locale\" content=\"en_US\" \/>\n<meta property=\"og:type\" content=\"article\" \/>\n<meta property=\"og:title\" content=\"Ice sailing | F\u00fcredYacht Charter and Training Center\" \/>\n<meta property=\"og:description\" content=\"Ice sailing gives you the opportunity to enjoy the pleasures of sailing on Lake Balaton even in winter. Would you split the ice of Lake Balaton at 70 km\/h? Apply for an appointment!\" \/>\n<meta property=\"og:url\" content=\"https:\/\/furedyacht.hu\/en\/services\/ice-sailing\/\" \/>\n<meta property=\"og:site_name\" content=\"F\u00fcredYacht Charter \u00e9s Oktat\u00f3k\u00f6zpont\" \/>\n<meta property=\"article:modified_time\" content=\"2022-06-09T13:01:51+00:00\" \/>\n<meta name=\"twitter:card\" content=\"summary_large_image\" \/>\n<meta name=\"twitter:title\" content=\"Ice sailing | F\u00fcredYacht Charter and Training Center\" \/>\n<meta name=\"twitter:description\" content=\"Ice sailing gives you the opportunity to enjoy the pleasures of sailing on Lake Balaton even in winter. Would you split the ice of Lake Balaton at 70 km\/h? Apply for an appointment!\" \/>\n<meta name=\"twitter:label1\" content=\"Est. reading time\" \/>\n\t<meta name=\"twitter:data1\" content=\"2 minutes\" \/>\n<script type=\"application\/ld+json\" class=\"yoast-schema-graph\">{\"@context\":\"https:\/\/schema.org\",\"@graph\":[{\"@type\":\"WebPage\",\"@id\":\"https:\/\/furedyacht.hu\/en\/services\/ice-sailing\/\",\"url\":\"https:\/\/furedyacht.hu\/en\/services\/ice-sailing\/\",\"name\":\"Ice sailing | F\u00fcredYacht Charter and Training Center\",\"isPartOf\":{\"@id\":\"https:\/\/furedyacht.hu\/en\/#website\"},\"datePublished\":\"2021-12-08T21:38:24+00:00\",\"dateModified\":\"2022-06-09T13:01:51+00:00\",\"description\":\"Ice sailing gives you the opportunity to enjoy the pleasures of sailing on Lake Balaton even in winter. Would you split the ice of Lake Balaton at 70 km\/h? Apply for an appointment!\",\"breadcrumb\":{\"@id\":\"https:\/\/furedyacht.hu\/en\/services\/ice-sailing\/#breadcrumb\"},\"inLanguage\":\"en-US\",\"potentialAction\":[{\"@type\":\"ReadAction\",\"target\":[\"https:\/\/furedyacht.hu\/en\/services\/ice-sailing\/\"]}]},{\"@type\":\"BreadcrumbList\",\"@id\":\"https:\/\/furedyacht.hu\/en\/services\/ice-sailing\/#breadcrumb\",\"itemListElement\":[{\"@type\":\"ListItem\",\"position\":1,\"name\":\"Home\",\"item\":\"https:\/\/furedyacht.hu\/en\/\"},{\"@type\":\"ListItem\",\"position\":2,\"name\":\"Services\",\"item\":\"https:\/\/furedyacht.hu\/en\/services\/\"},{\"@type\":\"ListItem\",\"position\":3,\"name\":\"Ice sailing\"}]},{\"@type\":\"WebSite\",\"@id\":\"https:\/\/furedyacht.hu\/en\/#website\",\"url\":\"https:\/\/furedyacht.hu\/en\/\",\"name\":\"F\u00fcredYacht Charter \u00e9s Oktat\u00f3k\u00f6zpont\",\"description\":\"Vitorl\u00e1soktat\u00e1s, vitorl\u00e1siskola, vitorl\u00e1stanfolyamok a Balatonon\",\"publisher\":{\"@id\":\"https:\/\/furedyacht.hu\/en\/#organization\"},\"potentialAction\":[{\"@type\":\"SearchAction\",\"target\":{\"@type\":\"EntryPoint\",\"urlTemplate\":\"https:\/\/furedyacht.hu\/en\/?s={search_term_string}\"},\"query-input\":{\"@type\":\"PropertyValueSpecification\",\"valueRequired\":true,\"valueName\":\"search_term_string\"}}],\"inLanguage\":\"en-US\"},{\"@type\":\"Organization\",\"@id\":\"https:\/\/furedyacht.hu\/en\/#organization\",\"name\":\"F\u00fcredYacht Charter\",\"url\":\"https:\/\/furedyacht.hu\/en\/\",\"logo\":{\"@type\":\"ImageObject\",\"inLanguage\":\"en-US\",\"@id\":\"https:\/\/furedyacht.hu\/en\/#\/schema\/logo\/image\/\",\"url\":\"https:\/\/furedyacht.hu\/wp-content\/uploads\/2020\/02\/wc-automail-logo.png\",\"contentUrl\":\"https:\/\/furedyacht.hu\/wp-content\/uploads\/2020\/02\/wc-automail-logo.png\",\"width\":300,\"height\":70,\"caption\":\"F\u00fcredYacht Charter\"},\"image\":{\"@id\":\"https:\/\/furedyacht.hu\/en\/#\/schema\/logo\/image\/\"}}]}<\/script>\n<!-- \/ Yoast SEO plugin. -->","yoast_head_json":{"title":"Ice sailing | F\u00fcredYacht Charter and Training Center","description":"Ice sailing gives you the opportunity to enjoy the pleasures of sailing on Lake Balaton even in winter. Would you split the ice of Lake Balaton at 70 km\/h? Apply for an appointment!","robots":{"index":"index","follow":"follow","max-snippet":"max-snippet:-1","max-image-preview":"max-image-preview:large","max-video-preview":"max-video-preview:-1"},"canonical":"https:\/\/furedyacht.hu\/en\/services\/ice-sailing\/","og_locale":"en_US","og_type":"article","og_title":"Ice sailing | F\u00fcredYacht Charter and Training Center","og_description":"Ice sailing gives you the opportunity to enjoy the pleasures of sailing on Lake Balaton even in winter. Would you split the ice of Lake Balaton at 70 km\/h? Apply for an appointment!","og_url":"https:\/\/furedyacht.hu\/en\/services\/ice-sailing\/","og_site_name":"F\u00fcredYacht Charter \u00e9s Oktat\u00f3k\u00f6zpont","article_modified_time":"2022-06-09T13:01:51+00:00","twitter_card":"summary_large_image","twitter_title":"Ice sailing | F\u00fcredYacht Charter and Training Center","twitter_description":"Ice sailing gives you the opportunity to enjoy the pleasures of sailing on Lake Balaton even in winter. Would you split the ice of Lake Balaton at 70 km\/h? Apply for an appointment!","twitter_misc":{"Est. reading time":"2 minutes"},"schema":{"@context":"https:\/\/schema.org","@graph":[{"@type":"WebPage","@id":"https:\/\/furedyacht.hu\/en\/services\/ice-sailing\/","url":"https:\/\/furedyacht.hu\/en\/services\/ice-sailing\/","name":"Ice sailing | F\u00fcredYacht Charter and Training Center","isPartOf":{"@id":"https:\/\/furedyacht.hu\/en\/#website"},"datePublished":"2021-12-08T21:38:24+00:00","dateModified":"2022-06-09T13:01:51+00:00","description":"Ice sailing gives you the opportunity to enjoy the pleasures of sailing on Lake Balaton even in winter. Would you split the ice of Lake Balaton at 70 km\/h? Apply for an appointment!","breadcrumb":{"@id":"https:\/\/furedyacht.hu\/en\/services\/ice-sailing\/#breadcrumb"},"inLanguage":"en-US","potentialAction":[{"@type":"ReadAction","target":["https:\/\/furedyacht.hu\/en\/services\/ice-sailing\/"]}]},{"@type":"BreadcrumbList","@id":"https:\/\/furedyacht.hu\/en\/services\/ice-sailing\/#breadcrumb","itemListElement":[{"@type":"ListItem","position":1,"name":"Home","item":"https:\/\/furedyacht.hu\/en\/"},{"@type":"ListItem","position":2,"name":"Services","item":"https:\/\/furedyacht.hu\/en\/services\/"},{"@type":"ListItem","position":3,"name":"Ice sailing"}]},{"@type":"WebSite","@id":"https:\/\/furedyacht.hu\/en\/#website","url":"https:\/\/furedyacht.hu\/en\/","name":"F\u00fcredYacht Charter \u00e9s Oktat\u00f3k\u00f6zpont","description":"Vitorl\u00e1soktat\u00e1s, vitorl\u00e1siskola, vitorl\u00e1stanfolyamok a Balatonon","publisher":{"@id":"https:\/\/furedyacht.hu\/en\/#organization"},"potentialAction":[{"@type":"SearchAction","target":{"@type":"EntryPoint","urlTemplate":"https:\/\/furedyacht.hu\/en\/?s={search_term_string}"},"query-input":{"@type":"PropertyValueSpecification","valueRequired":true,"valueName":"search_term_string"}}],"inLanguage":"en-US"},{"@type":"Organization","@id":"https:\/\/furedyacht.hu\/en\/#organization","name":"F\u00fcredYacht Charter","url":"https:\/\/furedyacht.hu\/en\/","logo":{"@type":"ImageObject","inLanguage":"en-US","@id":"https:\/\/furedyacht.hu\/en\/#\/schema\/logo\/image\/","url":"https:\/\/furedyacht.hu\/wp-content\/uploads\/2020\/02\/wc-automail-logo.png","contentUrl":"https:\/\/furedyacht.hu\/wp-content\/uploads\/2020\/02\/wc-automail-logo.png","width":300,"height":70,"caption":"F\u00fcredYacht Charter"},"image":{"@id":"https:\/\/furedyacht.hu\/en\/#\/schema\/logo\/image\/"}}]}},"_links":{"self":[{"href":"https:\/\/furedyacht.hu\/en\/wp-json\/wp\/v2\/pages\/8108","targetHints":{"allow":["GET"]}}],"collection":[{"href":"https:\/\/furedyacht.hu\/en\/wp-json\/wp\/v2\/pages"}],"about":[{"href":"https:\/\/furedyacht.hu\/en\/wp-json\/wp\/v2\/types\/page"}],"author":[{"embeddable":true,"href":"https:\/\/furedyacht.hu\/en\/wp-json\/wp\/v2\/users\/1"}],"replies":[{"embeddable":true,"href":"https:\/\/furedyacht.hu\/en\/wp-json\/wp\/v2\/comments?post=8108"}],"version-history":[{"count":6,"href":"https:\/\/furedyacht.hu\/en\/wp-json\/wp\/v2\/pages\/8108\/revisions"}],"predecessor-version":[{"id":8543,"href":"https:\/\/furedyacht.hu\/en\/wp-json\/wp\/v2\/pages\/8108\/revisions\/8543"}],"up":[{"embeddable":true,"href":"https:\/\/furedyacht.hu\/en\/wp-json\/wp\/v2\/pages\/8032"}],"wp:attachment":[{"href":"https:\/\/furedyacht.hu\/en\/wp-json\/wp\/v2\/media?parent=8108"}],"curies":[{"name":"wp","href":"https:\/\/api.w.org\/{rel}","templated":true}]}}